{"id":98,"date":"2020-05-29T21:32:36","date_gmt":"2020-05-29T21:32:36","guid":{"rendered":"https:\/\/salamancamandala.com\/?page_id=98"},"modified":"2026-03-25T23:19:14","modified_gmt":"2026-03-25T21:19:14","slug":"cafes-especiales","status":"publish","type":"page","link":"https:\/\/salamancamandala.com\/?page_id=98","title":{"rendered":"Caf\u00e9s"},"content":{"rendered":"\n<p>Caf\u00e9 con leche, cortado o solo 1,80\u20ac<\/p>\n\n\n\n<p><\/p>\n\n\n\n<h2 class=\"wp-block-heading\"><span style=\"background-color:rgba(0, 0, 0, 0);color:#dc7f14\" class=\"has-inline-color\"><strong>CAF\u00c9S<\/strong> Especiales<\/span><\/h2>\n\n\n\n<p><strong>Bomb\u00f3n<\/strong> 2,90\u20ac<br><em>Caf\u00e9 y leche condensada<\/em><br><strong>Vien\u00e9s<\/strong> 3,20\u20ac<br><em>Caf\u00e9, nata montada y canela<\/em><br><strong>Blanco y Negro<\/strong> 5,20\u20ac<br><em>Caf\u00e9 y helado de Vainilla<\/em><br><strong>Capuccino<\/strong> 2,60\u20ac<br><em>Caf\u00e9, crema de leche, canela y cacao<\/em><br><strong>Capuccino Helado <\/strong>6,10\u20ac<br><em>Caf\u00e9, helado de Caf\u00e9, nata, canela y cacao<\/em><br><strong>Caf\u00e9 Caramelo <\/strong>3,40\u20ac<br><em>Caf\u00e9, nata montada y sirope de caramelo<\/em><br><strong>Caf\u00e9 Vainilla<\/strong> 3,40\u20ac<br><em>Caf\u00e9, nata montada y sirope de vainilla<\/em><br><strong>Caf\u00e9 Chocolate<\/strong> 3,40\u20ac<br><em>Caf\u00e9, nata montada y sirope de chocolate<\/em><br><strong>Caf\u00e9 Mandala<\/strong> 4,30\u20ac<br><em>Caf\u00e9 cortado, leche condensada, nata montada<br>y fideos de chocolate<\/em><br><strong>Caf\u00e9 Irland\u00e9s<\/strong> 7,10\u20ac<br><em>Caf\u00e9, whisky quemado y nata montada<\/em><br><strong>Caf\u00e9 Escoc\u00e9s<\/strong> 8,10\u20ac<br><em>Caf\u00e9, whisky quemado y helado de vainilla<\/em><br><strong>Carajillo de Co\u00f1ac<\/strong> 4,10\u20ac<br><em>Caf\u00e9 y co\u00f1ac quemado<\/em><br><strong>Carajillo de Ron<\/strong> 4,10\u20ac<br><em>Caf\u00e9 y ron quemado<\/em><\/p>\n","protected":false},"excerpt":{"rendered":"<p>Caf\u00e9 con leche, cortado o solo 1,80\u20ac CAF\u00c9S Especiales Bomb\u00f3n 2,90\u20acCaf\u00e9 y leche condensadaVien\u00e9s 3,20\u20acCaf\u00e9, nata montada y canelaBlanco y Negro 5,20\u20acCaf\u00e9 y helado de VainillaCapuccino 2,60\u20acCaf\u00e9, crema de leche, canela y cacaoCapuccino Helado 6,10\u20acCaf\u00e9, helado de Caf\u00e9, nata, canela y cacaoCaf\u00e9 Caramelo 3,40\u20acCaf\u00e9, nata montada y sirope de carameloCaf\u00e9 Vainilla 3,40\u20acCaf\u00e9, nata montada y &hellip; <\/p>\n<p class=\"link-more\"><a href=\"https:\/\/salamancamandala.com\/?page_id=98\" class=\"more-link\">Continuar leyendo<span class=\"screen-reader-text\"> \u00abCaf\u00e9s\u00bb<\/span><\/a><\/p>\n","protected":false},"author":1,"featured_media":116,"parent":0,"menu_order":0,"comment_status":"closed","ping_status":"closed","template":"","meta":{"footnotes":""},"class_list":["post-98","page","type-page","status-publish","has-post-thumbnail","hentry"],"_links":{"self":[{"href":"https:\/\/salamancamandala.com\/index.php?rest_route=\/wp\/v2\/pages\/98","targetHints":{"allow":["GET"]}}],"collection":[{"href":"https:\/\/salamancamandala.com\/index.php?rest_route=\/wp\/v2\/pages"}],"about":[{"href":"https:\/\/salamancamandala.com\/index.php?rest_route=\/wp\/v2\/types\/page"}],"author":[{"embeddable":true,"href":"https:\/\/salamancamandala.com\/index.php?rest_route=\/wp\/v2\/users\/1"}],"replies":[{"embeddable":true,"href":"https:\/\/salamancamandala.com\/index.php?rest_route=%2Fwp%2Fv2%2Fcomments&post=98"}],"version-history":[{"count":13,"href":"https:\/\/salamancamandala.com\/index.php?rest_route=\/wp\/v2\/pages\/98\/revisions"}],"predecessor-version":[{"id":1252,"href":"https:\/\/salamancamandala.com\/index.php?rest_route=\/wp\/v2\/pages\/98\/revisions\/1252"}],"wp:featuredmedia":[{"embeddable":true,"href":"https:\/\/salamancamandala.com\/index.php?rest_route=\/wp\/v2\/media\/116"}],"wp:attachment":[{"href":"https:\/\/salamancamandala.com\/index.php?rest_route=%2Fwp%2Fv2%2Fmedia&parent=98"}],"curies":[{"name":"wp","href":"https:\/\/api.w.org\/{rel}","templated":true}]}}