{"id":88,"date":"2020-05-29T21:15:10","date_gmt":"2020-05-29T21:15:10","guid":{"rendered":"https:\/\/salamancamandala.com\/?page_id=88"},"modified":"2026-03-25T23:03:10","modified_gmt":"2026-03-25T21:03:10","slug":"batidos-y-zumos","status":"publish","type":"page","link":"https:\/\/salamancamandala.com\/?page_id=88","title":{"rendered":"Batidos Combinados"},"content":{"rendered":"\n<h2 class=\"wp-block-heading\"><span style=\"background-color:rgba(0, 0, 0, 0)\" class=\"has-inline-color has-vivid-red-color\"><strong>BATIDOS<\/strong> combinados<\/span><\/h2>\n\n\n\n<p class=\"has-black-color has-white-background-color has-text-color has-background\">1 Batido de Helado de Lim\u00f3n con Miel 5,50\u20ac<br>2 Batido de Pl\u00e1tano con Miel 5,50\u20ac<br>3 Batido de Manzana con Miel 5,50\u20ac<br>4 Batido de Pl\u00e1tano, pi\u00f1a y Miel 6,10\u20ac<br>5 Batido de Pl\u00e1tano, Melocot\u00f3n y Miel 6,10\u20ac<br><span style=\"background-color:rgba(0, 0, 0, 0)\" class=\"has-inline-color has-very-dark-gray-color\">6 Batido de Pl\u00e1tano,Fresa y Miel 6,10\u20ac<br>7 Batido de Helado de Vainilla con Pl\u00e1tano 6,10\u20ac<br>8 Batido de Helado de Chocolate con Pl\u00e1tano 6,10\u20ac<br>9 Batido de Helado de Vainilla con Manzana 6,10\u20ac<br>10 Batido de Helado de Nata con Fresas Naturales<\/span> 6,10\u20ac<br>11 Batido de Fresas Naturales con Nata y Sirope de Fresa 6,10\u20ac<br>12 Batido de Hel. Chocolate con Nata y Sirope de Chocolate 6,10\u20ac<br>13 Batido de Helado de Caf\u00e9 con Nata y Sirope de Caramelo 6,10\u20ac<br>14 Batido de Helado de Vainilla con Nata y Sirope de Caramelo 6,10\u20ac<br>15 Batido de Fresas naturales, Yogourt y Mie 6,10\u20ac<br><span style=\"background-color:rgba(0, 0, 0, 0)\" class=\"has-inline-color has-very-dark-gray-color\">16 Batido de Manzana, Yogourt y Miel 6,10\u20ac<br>17 Batido de Pl\u00e1tano, Yogourt y Miel 6,10\u20ac<br>18 Batido de Melocot\u00f3n, Yogourt y Miel 6,10\u20ac<br>19 Batido de Pl\u00e1tano, Fresas, Yogourt y Miel 6,70\u20ac<br>20 Batido de Helado Oreo con Nata y Sirope de Chocolate <\/span>6,10\u20ac<br>21 Batido de Menta-Choc con Nata y Sirope de Chocolate 6,10\u20ac<br>22 Batido de Helado de Frambuesa con Nata y Sirope de Frutas 6,10\u20ac<br>23 Batido de Chocolate Blanco con Nata y Sirope de Chocolate 6,10\u20ac<br>24 Batido de Yogur, Miel, Nueces, Nata y Sirope de Frutas 6,10\u20ac<br>25 Batido de Frutas del Bosque con Nata y Sirope de Frutas 6,10\u20ac<br><span style=\"background-color:rgba(0, 0, 0, 0)\" class=\"has-inline-color has-very-dark-gray-color\">26 Batido de Pi\u00f1a y Helado de Coco 6,60\u20ac<br>27 Batido de Fresas, Yogourt y Helado de Coco 6,90\u20ac<br>28 Batido de Pl\u00e1tano con Arandanos 6,10\u20ac<br>29 Batido de Pl\u00e1tano, Moras, Yogourt y Miel 6,90\u20ac<br>30 Batido de Manzana, Higos y Nueces <\/span>6,90\u20ac<br>31 Batido de Vainilla, Higos y Almendras 6,90\u20ac<br>32 Batido de Kiwi con Pl\u00e1tano 6,10\u20ac<br>33 Batido de Kiwi con Moras 6,10\u20ac<br>34 Batido de Kiwi con Frutas del Bosque 6,70\u20ac<br>35 Batido de Kiwi con Mango 6,60\u20ac<br><span style=\"background-color:rgba(0, 0, 0, 0)\" class=\"has-inline-color has-very-dark-gray-color\">36 Batido de Kiwi con Fresas 6,60\u20ac<br>37 Batido de Mango y helado de Coco <\/span><span style=\"background-color:rgba(0, 0, 0, 0)\" class=\"has-inline-color has-black-color\">6,60\u20ac<br><\/span><span style=\"background-color:rgba(0, 0, 0, 0)\" class=\"has-inline-color has-very-dark-gray-color\">38 Batido de Yogourt con Cereales 6,80\u20ac<br>39 Batido de Yogourt con Cereales y Miel 6,10\u20ac<br>40 Batido de Yogourt, Kiwi y Cereales <\/span>6,70\u20ac<br>41 Batido de Yogourt, Frutas del Bosque y Cereales 6,70\u20ac<br>42 Batido de Hel. Chocolate con Fresas Naturales 6,60\u20ac<br>43 Batido de Hel. Chocolate Blanco con Fresas Naturales 6,60\u20ac<br>44 Batido de Hel. Chocolate Blanco con Frutas del Bosque 6,60\u20ac<br>45 Batido de Hel. Chocolate con Hel. Caf\u00e9 6,60\u20ac<\/p>\n\n\n\n<p><\/p>\n\n\n\n<h2 class=\"wp-block-heading\"><span style=\"background-color:rgba(0, 0, 0, 0)\" class=\"has-inline-color has-luminous-vivid-orange-color\"><strong>BATIDOS<\/strong> de Fruta Natural (Un sabor a elegir)<\/span><\/h2>\n\n\n\n<figure class=\"wp-block-table\"><table><thead><tr><th>Sabor<\/th><th>Precio<\/th><\/tr><\/thead><tbody><tr><td>Fresa, pl\u00e1tano, pera, manzana, melocot\u00f3n, kiwi, mel\u00f3n, franbuesa o arandanos <\/td><td>5,50\u20ac<\/td><\/tr><\/tbody><\/table><\/figure>\n\n\n\n<h2 class=\"wp-block-heading\"><span style=\"background-color:rgba(0, 0, 0, 0)\" class=\"has-inline-color has-luminous-vivid-amber-color\"><strong>BATIDOS<\/strong> de Helado (un sabor a elegir)<\/span><\/h2>\n\n\n\n<figure class=\"wp-block-table\"><table><thead><tr><th>Sabor<\/th><th>Precio<\/th><\/tr><\/thead><tbody><tr><td>Fresa, chocolate, chocolate blanco, nata, lim\u00f3n, vainilla, oreo, coco, caf\u00e9 y menta-choc.<\/td><td>5,50\u20ac <\/td><\/tr><\/tbody><\/table><\/figure>\n\n\n\n<h2 class=\"wp-block-heading has-light-green-cyan-color has-text-color\"><\/h2>\n\n\n\n\n\n<p><\/p>\n","protected":false},"excerpt":{"rendered":"<p>BATIDOS combinados 1 Batido de Helado de Lim\u00f3n con Miel 5,50\u20ac2 Batido de Pl\u00e1tano con Miel 5,50\u20ac3 Batido de Manzana con Miel 5,50\u20ac4 Batido de Pl\u00e1tano, pi\u00f1a y Miel 6,10\u20ac5 Batido de Pl\u00e1tano, Melocot\u00f3n y Miel 6,10\u20ac6 Batido de Pl\u00e1tano,Fresa y Miel 6,10\u20ac7 Batido de Helado de Vainilla con Pl\u00e1tano 6,10\u20ac8 Batido de Helado de &hellip; <\/p>\n<p class=\"link-more\"><a href=\"https:\/\/salamancamandala.com\/?page_id=88\" class=\"more-link\">Continuar leyendo<span class=\"screen-reader-text\"> \u00abBatidos Combinados\u00bb<\/span><\/a><\/p>\n","protected":false},"author":1,"featured_media":74,"parent":0,"menu_order":0,"comment_status":"closed","ping_status":"closed","template":"","meta":{"footnotes":""},"_links":{"self":[{"href":"https:\/\/salamancamandala.com\/index.php?rest_route=\/wp\/v2\/pages\/88"}],"collection":[{"href":"https:\/\/salamancamandala.com\/index.php?rest_route=\/wp\/v2\/pages"}],"about":[{"href":"https:\/\/salamancamandala.com\/index.php?rest_route=\/wp\/v2\/types\/page"}],"author":[{"embeddable":true,"href":"https:\/\/salamancamandala.com\/index.php?rest_route=\/wp\/v2\/users\/1"}],"replies":[{"embeddable":true,"href":"https:\/\/salamancamandala.com\/index.php?rest_route=%2Fwp%2Fv2%2Fcomments&post=88"}],"version-history":[{"count":34,"href":"https:\/\/salamancamandala.com\/index.php?rest_route=\/wp\/v2\/pages\/88\/revisions"}],"predecessor-version":[{"id":1246,"href":"https:\/\/salamancamandala.com\/index.php?rest_route=\/wp\/v2\/pages\/88\/revisions\/1246"}],"wp:featuredmedia":[{"embeddable":true,"href":"https:\/\/salamancamandala.com\/index.php?rest_route=\/wp\/v2\/media\/74"}],"wp:attachment":[{"href":"https:\/\/salamancamandala.com\/index.php?rest_route=%2Fwp%2Fv2%2Fmedia&parent=88"}],"curies":[{"name":"wp","href":"https:\/\/api.w.org\/{rel}","templated":true}]}}