{"id":38,"date":"2020-05-29T16:08:44","date_gmt":"2020-05-29T16:08:44","guid":{"rendered":"https:\/\/salamancamandala.com\/?page_id=38"},"modified":"2020-07-05T16:04:54","modified_gmt":"2020-07-05T16:04:54","slug":"para-comer","status":"publish","type":"page","link":"https:\/\/salamancamandala.com\/?page_id=38","title":{"rendered":"Para comer"},"content":{"rendered":"\n<h2 class=\"wp-block-heading\">\u00bfEn qu\u00e9 est\u00e1s pensando?<\/h2>\n\n\n\n<p> <a href=\"https:\/\/salamancamandala.com\/?page_id=121\">Men\u00fa<\/a>, <a href=\"https:\/\/salamancamandala.com\/?page_id=433\">ensaladas<\/a>, <a href=\"https:\/\/salamancamandala.com\/?page_id=142\">unas tapas<\/a>, <a href=\"https:\/\/salamancamandala.com\/?page_id=145\">una porci\u00f3n de tarta<\/a>, <a href=\"https:\/\/salamancamandala.com\/?page_id=148\">helado<\/a>, <a href=\"https:\/\/salamancamandala.com\/?page_id=140\">bocadillos y s\u00e1ndwich<\/a>es o <a href=\"https:\/\/salamancamandala.com\/?page_id=137\">boller\u00eda y tostadas<\/a>.<\/p>\n\n\n\n<p><\/p>\n","protected":false},"excerpt":{"rendered":"<p>\u00bfEn qu\u00e9 est\u00e1s pensando? Men\u00fa, ensaladas, unas tapas, una porci\u00f3n de tarta, helado, bocadillos y s\u00e1ndwiches o boller\u00eda y tostadas.<\/p>\n","protected":false},"author":1,"featured_media":57,"parent":0,"menu_order":0,"comment_status":"closed","ping_status":"closed","template":"","meta":{"footnotes":""},"class_list":["post-38","page","type-page","status-publish","has-post-thumbnail","hentry"],"_links":{"self":[{"href":"https:\/\/salamancamandala.com\/index.php?rest_route=\/wp\/v2\/pages\/38","targetHints":{"allow":["GET"]}}],"collection":[{"href":"https:\/\/salamancamandala.com\/index.php?rest_route=\/wp\/v2\/pages"}],"about":[{"href":"https:\/\/salamancamandala.com\/index.php?rest_route=\/wp\/v2\/types\/page"}],"author":[{"embeddable":true,"href":"https:\/\/salamancamandala.com\/index.php?rest_route=\/wp\/v2\/users\/1"}],"replies":[{"embeddable":true,"href":"https:\/\/salamancamandala.com\/index.php?rest_route=%2Fwp%2Fv2%2Fcomments&post=38"}],"version-history":[{"count":8,"href":"https:\/\/salamancamandala.com\/index.php?rest_route=\/wp\/v2\/pages\/38\/revisions"}],"predecessor-version":[{"id":618,"href":"https:\/\/salamancamandala.com\/index.php?rest_route=\/wp\/v2\/pages\/38\/revisions\/618"}],"wp:featuredmedia":[{"embeddable":true,"href":"https:\/\/salamancamandala.com\/index.php?rest_route=\/wp\/v2\/media\/57"}],"wp:attachment":[{"href":"https:\/\/salamancamandala.com\/index.php?rest_route=%2Fwp%2Fv2%2Fmedia&parent=38"}],"curies":[{"name":"wp","href":"https:\/\/api.w.org\/{rel}","templated":true}]}}