{"id":37,"date":"2020-05-29T16:08:44","date_gmt":"2020-05-29T16:08:44","guid":{"rendered":"https:\/\/salamancamandala.com\/?page_id=37"},"modified":"2020-07-05T16:03:26","modified_gmt":"2020-07-05T16:03:26","slug":"para-beber","status":"publish","type":"page","link":"https:\/\/salamancamandala.com\/?page_id=37","title":{"rendered":"Para beber"},"content":{"rendered":"\n<h2 class=\"wp-block-heading\">\u00bfQu\u00e9 me tomar\u00eda?<\/h2>\n\n\n\n<p><a href=\"https:\/\/salamancamandala.com\/?page_id=88\">Un batid<\/a>o o <a href=\"https:\/\/salamancamandala.com\/?page_id=129\">un zumo reci\u00e9n exprimido<\/a>. <a href=\"https:\/\/salamancamandala.com\/?page_id=95\">Quiz\u00e1s me vendr\u00eda mejor una infusi\u00f3n o un t\u00e9<\/a>. Aunque <a href=\"https:\/\/salamancamandala.com\/?page_id=104\">con este calor, nada como una cervecita bien fr\u00eda<\/a>. <a href=\"https:\/\/salamancamandala.com\/?page_id=90\">En la comida, vino  <\/a>y <a href=\"https:\/\/salamancamandala.com\/?page_id=98\">caf\u00e9 para terminar<\/a><a href=\"https:\/\/salamancamandala.com\/?page_id=133\">. Y si la tarde se alarga un refrescante granizado<\/a> o <a href=\"https:\/\/salamancamandala.com\/?page_id=113\">mejor, un vermut<\/a>.<\/p>\n\n\n\n<p><\/p>\n","protected":false},"excerpt":{"rendered":"<p>\u00bfQu\u00e9 me tomar\u00eda? Un batido o un zumo reci\u00e9n exprimido. Quiz\u00e1s me vendr\u00eda mejor una infusi\u00f3n o un t\u00e9. Aunque con este calor, nada como una cervecita bien fr\u00eda. En la comida, vino y caf\u00e9 para terminar. Y si la tarde se alarga un refrescante granizado o mejor, un vermut.<\/p>\n","protected":false},"author":1,"featured_media":59,"parent":0,"menu_order":0,"comment_status":"closed","ping_status":"closed","template":"","meta":{"footnotes":""},"_links":{"self":[{"href":"https:\/\/salamancamandala.com\/index.php?rest_route=\/wp\/v2\/pages\/37"}],"collection":[{"href":"https:\/\/salamancamandala.com\/index.php?rest_route=\/wp\/v2\/pages"}],"about":[{"href":"https:\/\/salamancamandala.com\/index.php?rest_route=\/wp\/v2\/types\/page"}],"author":[{"embeddable":true,"href":"https:\/\/salamancamandala.com\/index.php?rest_route=\/wp\/v2\/users\/1"}],"replies":[{"embeddable":true,"href":"https:\/\/salamancamandala.com\/index.php?rest_route=%2Fwp%2Fv2%2Fcomments&post=37"}],"version-history":[{"count":19,"href":"https:\/\/salamancamandala.com\/index.php?rest_route=\/wp\/v2\/pages\/37\/revisions"}],"predecessor-version":[{"id":617,"href":"https:\/\/salamancamandala.com\/index.php?rest_route=\/wp\/v2\/pages\/37\/revisions\/617"}],"wp:featuredmedia":[{"embeddable":true,"href":"https:\/\/salamancamandala.com\/index.php?rest_route=\/wp\/v2\/media\/59"}],"wp:attachment":[{"href":"https:\/\/salamancamandala.com\/index.php?rest_route=%2Fwp%2Fv2%2Fmedia&parent=37"}],"curies":[{"name":"wp","href":"https:\/\/api.w.org\/{rel}","templated":true}]}}