{"id":142,"date":"2020-05-31T12:12:58","date_gmt":"2020-05-31T12:12:58","guid":{"rendered":"https:\/\/salamancamandala.com\/?page_id=142"},"modified":"2020-06-01T23:20:04","modified_gmt":"2020-06-01T23:20:04","slug":"tapas","status":"publish","type":"page","link":"https:\/\/salamancamandala.com\/?page_id=142","title":{"rendered":"Tapas"},"content":{"rendered":"\n<p>Uff y por d\u00f3nde empiezo. Casi k solo te doy alguna recomendaci\u00f3n y t\u00fa ve descubriendo pinchitos del bar.<\/p>\n","protected":false},"excerpt":{"rendered":"<p>Uff y por d\u00f3nde empiezo. Casi k solo te doy alguna recomendaci\u00f3n y t\u00fa ve descubriendo pinchitos del bar.<\/p>\n","protected":false},"author":1,"featured_media":143,"parent":0,"menu_order":0,"comment_status":"closed","ping_status":"closed","template":"","meta":{"footnotes":""},"class_list":["post-142","page","type-page","status-publish","has-post-thumbnail","hentry"],"_links":{"self":[{"href":"https:\/\/salamancamandala.com\/index.php?rest_route=\/wp\/v2\/pages\/142","targetHints":{"allow":["GET"]}}],"collection":[{"href":"https:\/\/salamancamandala.com\/index.php?rest_route=\/wp\/v2\/pages"}],"about":[{"href":"https:\/\/salamancamandala.com\/index.php?rest_route=\/wp\/v2\/types\/page"}],"author":[{"embeddable":true,"href":"https:\/\/salamancamandala.com\/index.php?rest_route=\/wp\/v2\/users\/1"}],"replies":[{"embeddable":true,"href":"https:\/\/salamancamandala.com\/index.php?rest_route=%2Fwp%2Fv2%2Fcomments&post=142"}],"version-history":[{"count":2,"href":"https:\/\/salamancamandala.com\/index.php?rest_route=\/wp\/v2\/pages\/142\/revisions"}],"predecessor-version":[{"id":487,"href":"https:\/\/salamancamandala.com\/index.php?rest_route=\/wp\/v2\/pages\/142\/revisions\/487"}],"wp:featuredmedia":[{"embeddable":true,"href":"https:\/\/salamancamandala.com\/index.php?rest_route=\/wp\/v2\/media\/143"}],"wp:attachment":[{"href":"https:\/\/salamancamandala.com\/index.php?rest_route=%2Fwp%2Fv2%2Fmedia&parent=142"}],"curies":[{"name":"wp","href":"https:\/\/api.w.org\/{rel}","templated":true}]}}