{"id":10,"date":"2020-05-29T16:02:40","date_gmt":"2020-05-29T16:02:40","guid":{"rendered":"https:\/\/salamancamandala.com\/?page_id=10"},"modified":"2024-11-25T14:07:10","modified_gmt":"2024-11-25T12:07:10","slug":"contacto","status":"publish","type":"page","link":"https:\/\/salamancamandala.com\/?page_id=10","title":{"rendered":"Localizaci\u00f3n y Contacto"},"content":{"rendered":"\n<p>Creemos en una atenci\u00f3n personalizada. Para poder resolver cualquier duda, o para realizar una reserva, pod\u00e9is contactarnos v\u00eda telef\u00f3nica. Las reservas  tambi\u00e9n se podr\u00e1n realizar de modo presencial con una antelaci\u00f3n m\u00ednima de 15 minutos.<\/p>\n\n\n\n<p><\/p>\n\n\n\n<p>Gracias por elegirnos\ud83d\ude0a<\/p>\n\n\n\n<h2 class=\"wp-block-heading\">RESERVA Y CONTACTO<\/h2>\n\n\n\n<p><strong><mark style=\"background-color:rgba(0, 0, 0, 0)\" class=\"has-inline-color has-vivid-green-cyan-color\">923 123342<\/mark><\/strong> en horario de local abierto.<\/p>\n\n\n\n<p><mark style=\"background-color:rgba(0, 0, 0, 0)\" class=\"has-inline-color has-vivid-red-color\"><strong>616467076<\/strong><\/mark> reservas en horario de local cerrado. <br>Gracias\u263a\ufe0f<\/p>\n\n\n\n<ul class=\"wp-block-social-links is-layout-flex wp-block-social-links-is-layout-flex\">\n\n\n\n\n\n\n\n\n\n\n\n<li class=\"wp-social-link wp-social-link-google  wp-block-social-link\"><a href=\"https:\/\/www.google.es\/maps\/place\/Calle+Serranos,+9,+37008+Salamanca\/@40.9623988,-5.6670417,17z\/data=!4m2!3m1!1s0xd3f263fdece4745:0xb3f96f31814db1d4\" class=\"wp-block-social-link-anchor\"><svg width=\"24\" height=\"24\" viewBox=\"0 0 24 24\" version=\"1.1\" xmlns=\"http:\/\/www.w3.org\/2000\/svg\" aria-hidden=\"true\" focusable=\"false\"><path d=\"M12.02,10.18v3.72v0.01h5.51c-0.26,1.57-1.67,4.22-5.5,4.22c-3.31,0-6.01-2.75-6.01-6.12s2.7-6.12,6.01-6.12 c1.87,0,3.13,0.8,3.85,1.48l2.84-2.76C16.99,2.99,14.73,2,12.03,2c-5.52,0-10,4.48-10,10s4.48,10,10,10c5.77,0,9.6-4.06,9.6-9.77 c0-0.83-0.11-1.42-0.25-2.05H12.02z\"><\/path><\/svg><span class=\"wp-block-social-link-label screen-reader-text\">Google<\/span><\/a><\/li><\/ul>\n\n\n\n<div class=\"mapouter\"><div class=\"gmap_canvas\"><iframe loading=\"lazy\" id=\"gmap_canvas\" src=\"https:\/\/maps.google.com\/maps?q=mandala%20salmanca&amp;t=&amp;z=15&amp;ie=UTF8&amp;iwloc=&amp;output=embed\" scrolling=\"no\" marginheight=\"0\" marginwidth=\"0\" width=\"271\" height=\"215\" frameborder=\"0\"><\/iframe><a href=\"https:\/\/www.embedgooglemap.net\/en\/\">embedding google maps in web page<\/a><\/div><style>.mapouter{position:relative;text-align:right;height:215px;width:271px;}.gmap_canvas {overflow:hidden;background:none!important;height:215px;width:271px;}<\/style><\/div>\n","protected":false},"excerpt":{"rendered":"<p>Creemos en una atenci\u00f3n personalizada. Para poder resolver cualquier duda, o para realizar una reserva, pod\u00e9is contactarnos v\u00eda telef\u00f3nica. Las reservas tambi\u00e9n se podr\u00e1n realizar de modo presencial con una antelaci\u00f3n m\u00ednima de 15 minutos. Gracias por elegirnos\ud83d\ude0a RESERVA Y CONTACTO 923 123342 en horario de local abierto. 616467076 reservas en horario de local cerrado. &hellip; <\/p>\n<p class=\"link-more\"><a href=\"https:\/\/salamancamandala.com\/?page_id=10\" class=\"more-link\">Continuar leyendo<span class=\"screen-reader-text\"> \u00abLocalizaci\u00f3n y Contacto\u00bb<\/span><\/a><\/p>\n","protected":false},"author":1,"featured_media":61,"parent":0,"menu_order":0,"comment_status":"closed","ping_status":"closed","template":"","meta":{"footnotes":""},"class_list":["post-10","page","type-page","status-publish","has-post-thumbnail","hentry"],"_links":{"self":[{"href":"https:\/\/salamancamandala.com\/index.php?rest_route=\/wp\/v2\/pages\/10","targetHints":{"allow":["GET"]}}],"collection":[{"href":"https:\/\/salamancamandala.com\/index.php?rest_route=\/wp\/v2\/pages"}],"about":[{"href":"https:\/\/salamancamandala.com\/index.php?rest_route=\/wp\/v2\/types\/page"}],"author":[{"embeddable":true,"href":"https:\/\/salamancamandala.com\/index.php?rest_route=\/wp\/v2\/users\/1"}],"replies":[{"embeddable":true,"href":"https:\/\/salamancamandala.com\/index.php?rest_route=%2Fwp%2Fv2%2Fcomments&post=10"}],"version-history":[{"count":31,"href":"https:\/\/salamancamandala.com\/index.php?rest_route=\/wp\/v2\/pages\/10\/revisions"}],"predecessor-version":[{"id":1114,"href":"https:\/\/salamancamandala.com\/index.php?rest_route=\/wp\/v2\/pages\/10\/revisions\/1114"}],"wp:featuredmedia":[{"embeddable":true,"href":"https:\/\/salamancamandala.com\/index.php?rest_route=\/wp\/v2\/media\/61"}],"wp:attachment":[{"href":"https:\/\/salamancamandala.com\/index.php?rest_route=%2Fwp%2Fv2%2Fmedia&parent=10"}],"curies":[{"name":"wp","href":"https:\/\/api.w.org\/{rel}","templated":true}]}}